{"id":17232023,"date":"2024-11-29T16:42:34","date_gmt":"2024-11-29T15:42:34","guid":{"rendered":"http:\/\/hospidex.eu\/producten\/aufbewahrungsregal-fuer-po\/"},"modified":"2025-03-07T15:33:02","modified_gmt":"2025-03-07T14:33:02","slug":"aufbewahrungsregal-fuer-po","status":"publish","type":"product","link":"https:\/\/hospidex.eu\/de\/producten\/aufbewahrungsregal-fuer-po\/","title":{"rendered":"Aufbewahrungsregal f\u00fcr Po"},"excerpt":{"rendered":"<p>Vielseitiges Aufbewahrungsregal f\u00fcr Post und Waschbecken<\/p>\n","protected":false},"featured_media":17230155,"template":"","product_merken":[287],"product_categories":[325],"product_featured":[],"class_list":["post-17232023","product","type-product","status-publish","has-post-thumbnail","hentry","product_merken-vernacare-de","product_categories-lagerregale-und-zubehor"],"acf":[],"yoast_head":"<!-- This site is optimized with the Yoast SEO Premium plugin v27.3 (Yoast SEO v27.3) - https:\/\/yoast.com\/product\/yoast-seo-premium-wordpress\/ -->\n<title>Aufbewahrungsregal f\u00fcr Po | Hospidex DE<\/title>\n<meta name=\"description\" content=\"Vielseitiges Regal f\u00fcr 100 Pulp Po f\u00fcr den Po-Stuhl, 100 Pan-Liner und Wascht\u00f6pfe. Kapazit\u00e4t: 100 Artikel.\" \/>\n<meta name=\"robots\" content=\"index, follow, max-snippet:-1, max-image-preview:large, max-video-preview:-1\" \/>\n<link rel=\"canonical\" href=\"https:\/\/hospidex.eu\/de\/producten\/aufbewahrungsregal-fuer-po\/\" \/>\n<meta property=\"og:locale\" content=\"de_DE\" \/>\n<meta property=\"og:type\" content=\"article\" \/>\n<meta property=\"og:title\" content=\"Aufbewahrungsregal f\u00fcr Po\" \/>\n<meta property=\"og:description\" content=\"Vielseitiges Regal f\u00fcr 100 Pulp Po f\u00fcr den Po-Stuhl, 100 Pan-Liner und Wascht\u00f6pfe. Kapazit\u00e4t: 100 Artikel.\" \/>\n<meta property=\"og:url\" content=\"https:\/\/hospidex.eu\/de\/producten\/aufbewahrungsregal-fuer-po\/\" \/>\n<meta property=\"og:site_name\" content=\"Hospidex DE\" \/>\n<meta property=\"article:modified_time\" content=\"2025-03-07T14:33:02+00:00\" \/>\n<meta property=\"og:image\" content=\"http:\/\/hospidex.eu\/wp-content\/uploads\/2024\/11\/opbergrek-voor-po-1.jpg\" \/>\n\t<meta property=\"og:image:width\" content=\"588\" \/>\n\t<meta property=\"og:image:height\" content=\"590\" \/>\n\t<meta property=\"og:image:type\" content=\"image\/jpeg\" \/>\n<meta name=\"twitter:card\" content=\"summary_large_image\" \/>\n<meta name=\"twitter:label1\" content=\"Gesch\u00e4tzte Lesezeit\" \/>\n\t<meta name=\"twitter:data1\" content=\"1\u00a0Minute\" \/>\n<script type=\"application\/ld+json\" class=\"yoast-schema-graph\">{\"@context\":\"https:\\\/\\\/schema.org\",\"@graph\":[{\"@type\":\"WebPage\",\"@id\":\"https:\\\/\\\/hospidex.eu\\\/de\\\/producten\\\/aufbewahrungsregal-fuer-po\\\/\",\"url\":\"https:\\\/\\\/hospidex.eu\\\/de\\\/producten\\\/aufbewahrungsregal-fuer-po\\\/\",\"name\":\"Aufbewahrungsregal f\u00fcr Po | Hospidex DE\",\"isPartOf\":{\"@id\":\"https:\\\/\\\/hospidex.eu\\\/de\\\/#website\"},\"primaryImageOfPage\":{\"@id\":\"https:\\\/\\\/hospidex.eu\\\/de\\\/producten\\\/aufbewahrungsregal-fuer-po\\\/#primaryimage\"},\"image\":{\"@id\":\"https:\\\/\\\/hospidex.eu\\\/de\\\/producten\\\/aufbewahrungsregal-fuer-po\\\/#primaryimage\"},\"thumbnailUrl\":\"https:\\\/\\\/hospidex.eu\\\/wp-content\\\/uploads\\\/2024\\\/11\\\/opbergrek-voor-po-1.jpg\",\"datePublished\":\"2024-11-29T15:42:34+00:00\",\"dateModified\":\"2025-03-07T14:33:02+00:00\",\"description\":\"Vielseitiges Regal f\u00fcr 100 Pulp Po f\u00fcr den Po-Stuhl, 100 Pan-Liner und Wascht\u00f6pfe. Kapazit\u00e4t: 100 Artikel.\",\"breadcrumb\":{\"@id\":\"https:\\\/\\\/hospidex.eu\\\/de\\\/producten\\\/aufbewahrungsregal-fuer-po\\\/#breadcrumb\"},\"inLanguage\":\"de\",\"potentialAction\":[{\"@type\":\"ReadAction\",\"target\":[\"https:\\\/\\\/hospidex.eu\\\/de\\\/producten\\\/aufbewahrungsregal-fuer-po\\\/\"]}]},{\"@type\":\"ImageObject\",\"inLanguage\":\"de\",\"@id\":\"https:\\\/\\\/hospidex.eu\\\/de\\\/producten\\\/aufbewahrungsregal-fuer-po\\\/#primaryimage\",\"url\":\"https:\\\/\\\/hospidex.eu\\\/wp-content\\\/uploads\\\/2024\\\/11\\\/opbergrek-voor-po-1.jpg\",\"contentUrl\":\"https:\\\/\\\/hospidex.eu\\\/wp-content\\\/uploads\\\/2024\\\/11\\\/opbergrek-voor-po-1.jpg\",\"width\":588,\"height\":590},{\"@type\":\"BreadcrumbList\",\"@id\":\"https:\\\/\\\/hospidex.eu\\\/de\\\/producten\\\/aufbewahrungsregal-fuer-po\\\/#breadcrumb\",\"itemListElement\":[{\"@type\":\"ListItem\",\"position\":1,\"name\":\"Home\",\"item\":\"https:\\\/\\\/hospidex.eu\\\/de\\\/\"},{\"@type\":\"ListItem\",\"position\":2,\"name\":\"Producten\",\"item\":\"https:\\\/\\\/hospidex.eu\\\/de\\\/producten\\\/\"},{\"@type\":\"ListItem\",\"position\":3,\"name\":\"Aufbewahrungsregal f\u00fcr Po\"}]},{\"@type\":\"WebSite\",\"@id\":\"https:\\\/\\\/hospidex.eu\\\/de\\\/#website\",\"url\":\"https:\\\/\\\/hospidex.eu\\\/de\\\/\",\"name\":\"Hospidex\",\"description\":\"Transforming care, connecting solutions, focused on you\",\"publisher\":{\"@id\":\"https:\\\/\\\/hospidex.eu\\\/de\\\/#organization\"},\"potentialAction\":[{\"@type\":\"SearchAction\",\"target\":{\"@type\":\"EntryPoint\",\"urlTemplate\":\"https:\\\/\\\/hospidex.eu\\\/de\\\/?s={search_term_string}\"},\"query-input\":{\"@type\":\"PropertyValueSpecification\",\"valueRequired\":true,\"valueName\":\"search_term_string\"}}],\"inLanguage\":\"de\"},{\"@type\":\"Organization\",\"@id\":\"https:\\\/\\\/hospidex.eu\\\/de\\\/#organization\",\"name\":\"Hospidex\",\"url\":\"https:\\\/\\\/hospidex.eu\\\/de\\\/\",\"logo\":{\"@type\":\"ImageObject\",\"inLanguage\":\"de\",\"@id\":\"https:\\\/\\\/hospidex.eu\\\/de\\\/#\\\/schema\\\/logo\\\/image\\\/\",\"url\":\"https:\\\/\\\/hospidex.eu\\\/wp-content\\\/uploads\\\/2024\\\/09\\\/Logo.svg\",\"contentUrl\":\"https:\\\/\\\/hospidex.eu\\\/wp-content\\\/uploads\\\/2024\\\/09\\\/Logo.svg\",\"width\":169,\"height\":36,\"caption\":\"Hospidex\"},\"image\":{\"@id\":\"https:\\\/\\\/hospidex.eu\\\/de\\\/#\\\/schema\\\/logo\\\/image\\\/\"}}]}<\/script>\n<!-- \/ Yoast SEO Premium plugin. -->","yoast_head_json":{"title":"Aufbewahrungsregal f\u00fcr Po | Hospidex DE","description":"Vielseitiges Regal f\u00fcr 100 Pulp Po f\u00fcr den Po-Stuhl, 100 Pan-Liner und Wascht\u00f6pfe. Kapazit\u00e4t: 100 Artikel.","robots":{"index":"index","follow":"follow","max-snippet":"max-snippet:-1","max-image-preview":"max-image-preview:large","max-video-preview":"max-video-preview:-1"},"canonical":"https:\/\/hospidex.eu\/de\/producten\/aufbewahrungsregal-fuer-po\/","og_locale":"de_DE","og_type":"article","og_title":"Aufbewahrungsregal f\u00fcr Po","og_description":"Vielseitiges Regal f\u00fcr 100 Pulp Po f\u00fcr den Po-Stuhl, 100 Pan-Liner und Wascht\u00f6pfe. Kapazit\u00e4t: 100 Artikel.","og_url":"https:\/\/hospidex.eu\/de\/producten\/aufbewahrungsregal-fuer-po\/","og_site_name":"Hospidex DE","article_modified_time":"2025-03-07T14:33:02+00:00","og_image":[{"width":588,"height":590,"url":"http:\/\/hospidex.eu\/wp-content\/uploads\/2024\/11\/opbergrek-voor-po-1.jpg","type":"image\/jpeg"}],"twitter_card":"summary_large_image","twitter_misc":{"Gesch\u00e4tzte Lesezeit":"1\u00a0Minute"},"schema":{"@context":"https:\/\/schema.org","@graph":[{"@type":"WebPage","@id":"https:\/\/hospidex.eu\/de\/producten\/aufbewahrungsregal-fuer-po\/","url":"https:\/\/hospidex.eu\/de\/producten\/aufbewahrungsregal-fuer-po\/","name":"Aufbewahrungsregal f\u00fcr Po | Hospidex DE","isPartOf":{"@id":"https:\/\/hospidex.eu\/de\/#website"},"primaryImageOfPage":{"@id":"https:\/\/hospidex.eu\/de\/producten\/aufbewahrungsregal-fuer-po\/#primaryimage"},"image":{"@id":"https:\/\/hospidex.eu\/de\/producten\/aufbewahrungsregal-fuer-po\/#primaryimage"},"thumbnailUrl":"https:\/\/hospidex.eu\/wp-content\/uploads\/2024\/11\/opbergrek-voor-po-1.jpg","datePublished":"2024-11-29T15:42:34+00:00","dateModified":"2025-03-07T14:33:02+00:00","description":"Vielseitiges Regal f\u00fcr 100 Pulp Po f\u00fcr den Po-Stuhl, 100 Pan-Liner und Wascht\u00f6pfe. Kapazit\u00e4t: 100 Artikel.","breadcrumb":{"@id":"https:\/\/hospidex.eu\/de\/producten\/aufbewahrungsregal-fuer-po\/#breadcrumb"},"inLanguage":"de","potentialAction":[{"@type":"ReadAction","target":["https:\/\/hospidex.eu\/de\/producten\/aufbewahrungsregal-fuer-po\/"]}]},{"@type":"ImageObject","inLanguage":"de","@id":"https:\/\/hospidex.eu\/de\/producten\/aufbewahrungsregal-fuer-po\/#primaryimage","url":"https:\/\/hospidex.eu\/wp-content\/uploads\/2024\/11\/opbergrek-voor-po-1.jpg","contentUrl":"https:\/\/hospidex.eu\/wp-content\/uploads\/2024\/11\/opbergrek-voor-po-1.jpg","width":588,"height":590},{"@type":"BreadcrumbList","@id":"https:\/\/hospidex.eu\/de\/producten\/aufbewahrungsregal-fuer-po\/#breadcrumb","itemListElement":[{"@type":"ListItem","position":1,"name":"Home","item":"https:\/\/hospidex.eu\/de\/"},{"@type":"ListItem","position":2,"name":"Producten","item":"https:\/\/hospidex.eu\/de\/producten\/"},{"@type":"ListItem","position":3,"name":"Aufbewahrungsregal f\u00fcr Po"}]},{"@type":"WebSite","@id":"https:\/\/hospidex.eu\/de\/#website","url":"https:\/\/hospidex.eu\/de\/","name":"Hospidex","description":"Transforming care, connecting solutions, focused on you","publisher":{"@id":"https:\/\/hospidex.eu\/de\/#organization"},"potentialAction":[{"@type":"SearchAction","target":{"@type":"EntryPoint","urlTemplate":"https:\/\/hospidex.eu\/de\/?s={search_term_string}"},"query-input":{"@type":"PropertyValueSpecification","valueRequired":true,"valueName":"search_term_string"}}],"inLanguage":"de"},{"@type":"Organization","@id":"https:\/\/hospidex.eu\/de\/#organization","name":"Hospidex","url":"https:\/\/hospidex.eu\/de\/","logo":{"@type":"ImageObject","inLanguage":"de","@id":"https:\/\/hospidex.eu\/de\/#\/schema\/logo\/image\/","url":"https:\/\/hospidex.eu\/wp-content\/uploads\/2024\/09\/Logo.svg","contentUrl":"https:\/\/hospidex.eu\/wp-content\/uploads\/2024\/09\/Logo.svg","width":169,"height":36,"caption":"Hospidex"},"image":{"@id":"https:\/\/hospidex.eu\/de\/#\/schema\/logo\/image\/"}}]}},"_links":{"self":[{"href":"https:\/\/hospidex.eu\/de\/wp-json\/wp\/v2\/product\/17232023","targetHints":{"allow":["GET"]}}],"collection":[{"href":"https:\/\/hospidex.eu\/de\/wp-json\/wp\/v2\/product"}],"about":[{"href":"https:\/\/hospidex.eu\/de\/wp-json\/wp\/v2\/types\/product"}],"wp:featuredmedia":[{"embeddable":true,"href":"https:\/\/hospidex.eu\/de\/wp-json\/wp\/v2\/media\/17230155"}],"wp:attachment":[{"href":"https:\/\/hospidex.eu\/de\/wp-json\/wp\/v2\/media?parent=17232023"}],"wp:term":[{"taxonomy":"product_merken","embeddable":true,"href":"https:\/\/hospidex.eu\/de\/wp-json\/wp\/v2\/product_merken?post=17232023"},{"taxonomy":"product_categories","embeddable":true,"href":"https:\/\/hospidex.eu\/de\/wp-json\/wp\/v2\/product_categories?post=17232023"},{"taxonomy":"product_featured","embeddable":true,"href":"https:\/\/hospidex.eu\/de\/wp-json\/wp\/v2\/product_featured?post=17232023"}],"curies":[{"name":"wp","href":"https:\/\/api.w.org\/{rel}","templated":true}]}}