{"id":17230937,"date":"2024-12-01T16:28:15","date_gmt":"2024-12-01T15:28:15","guid":{"rendered":"http:\/\/hospidex.eu\/producten\/recipient-a-aiguilles-1-8l\/"},"modified":"2025-03-07T14:48:07","modified_gmt":"2025-03-07T13:48:07","slug":"conteneur-d-aiguilles-1-8l","status":"publish","type":"product","link":"https:\/\/hospidex.eu\/fr\/producten\/conteneur-d-aiguilles-1-8l\/","title":{"rendered":"Collecteur d&rsquo;aiguilles 1.8l"},"excerpt":{"rendered":"<p>Chaque conteneur d&rsquo;aiguilles Sharpsafe peut \u00eatre utilis\u00e9 dans un contexte sp\u00e9cifique<\/p>\n","protected":false},"featured_media":17230205,"template":"","product_merken":[190],"product_categories":[194],"product_featured":[],"class_list":["post-17230937","product","type-product","status-publish","has-post-thumbnail","hentry","product_merken-sharpsafe-fr","product_categories-petits-conteneurs-a-aiguilles"],"acf":[],"yoast_head":"<!-- This site is optimized with the Yoast SEO Premium plugin v27.3 (Yoast SEO v27.3) - https:\/\/yoast.com\/product\/yoast-seo-premium-wordpress\/ -->\n<title>Collecteur d&#039;aiguilles 1.8l | Hospidex FR<\/title>\n<meta name=\"description\" content=\"Sharpsafe conteneur \u00e0 aiguilles 1,8L : Durable, s\u00e9curis\u00e9 et compact pour pr\u00e9venir les accidents dans les \u00e9tablissements de sant\u00e9.\" \/>\n<meta name=\"robots\" content=\"index, follow, max-snippet:-1, max-image-preview:large, max-video-preview:-1\" \/>\n<link rel=\"canonical\" href=\"https:\/\/hospidex.eu\/fr\/producten\/conteneur-d-aiguilles-1-8l\/\" \/>\n<meta property=\"og:locale\" content=\"fr_FR\" \/>\n<meta property=\"og:type\" content=\"article\" \/>\n<meta property=\"og:title\" content=\"Collecteur d&#039;aiguilles 1.8l\" \/>\n<meta property=\"og:description\" content=\"Sharpsafe conteneur \u00e0 aiguilles 1,8L : Durable, s\u00e9curis\u00e9 et compact pour pr\u00e9venir les accidents dans les \u00e9tablissements de sant\u00e9.\" \/>\n<meta property=\"og:url\" content=\"https:\/\/hospidex.eu\/fr\/producten\/conteneur-d-aiguilles-1-8l\/\" \/>\n<meta property=\"og:site_name\" content=\"Hospidex FR\" \/>\n<meta property=\"article:modified_time\" content=\"2025-03-07T13:48:07+00:00\" \/>\n<meta property=\"og:image\" content=\"http:\/\/hospidex.eu\/wp-content\/uploads\/2024\/12\/18l-sharpsafe.jpg\" \/>\n\t<meta property=\"og:image:width\" content=\"1200\" \/>\n\t<meta property=\"og:image:height\" content=\"1308\" \/>\n\t<meta property=\"og:image:type\" content=\"image\/jpeg\" \/>\n<meta name=\"twitter:card\" content=\"summary_large_image\" \/>\n<meta name=\"twitter:label1\" content=\"Dur\u00e9e de lecture estim\u00e9e\" \/>\n\t<meta name=\"twitter:data1\" content=\"1 minute\" \/>\n<script type=\"application\/ld+json\" class=\"yoast-schema-graph\">{\"@context\":\"https:\\\/\\\/schema.org\",\"@graph\":[{\"@type\":\"WebPage\",\"@id\":\"https:\\\/\\\/hospidex.eu\\\/fr\\\/producten\\\/conteneur-d-aiguilles-1-8l\\\/\",\"url\":\"https:\\\/\\\/hospidex.eu\\\/fr\\\/producten\\\/conteneur-d-aiguilles-1-8l\\\/\",\"name\":\"Collecteur d'aiguilles 1.8l | Hospidex FR\",\"isPartOf\":{\"@id\":\"https:\\\/\\\/hospidex.eu\\\/fr\\\/#website\"},\"primaryImageOfPage\":{\"@id\":\"https:\\\/\\\/hospidex.eu\\\/fr\\\/producten\\\/conteneur-d-aiguilles-1-8l\\\/#primaryimage\"},\"image\":{\"@id\":\"https:\\\/\\\/hospidex.eu\\\/fr\\\/producten\\\/conteneur-d-aiguilles-1-8l\\\/#primaryimage\"},\"thumbnailUrl\":\"https:\\\/\\\/hospidex.eu\\\/wp-content\\\/uploads\\\/2024\\\/12\\\/18l-sharpsafe.jpg\",\"datePublished\":\"2024-12-01T15:28:15+00:00\",\"dateModified\":\"2025-03-07T13:48:07+00:00\",\"description\":\"Sharpsafe conteneur \u00e0 aiguilles 1,8L : Durable, s\u00e9curis\u00e9 et compact pour pr\u00e9venir les accidents dans les \u00e9tablissements de sant\u00e9.\",\"breadcrumb\":{\"@id\":\"https:\\\/\\\/hospidex.eu\\\/fr\\\/producten\\\/conteneur-d-aiguilles-1-8l\\\/#breadcrumb\"},\"inLanguage\":\"fr-FR\",\"potentialAction\":[{\"@type\":\"ReadAction\",\"target\":[\"https:\\\/\\\/hospidex.eu\\\/fr\\\/producten\\\/conteneur-d-aiguilles-1-8l\\\/\"]}]},{\"@type\":\"ImageObject\",\"inLanguage\":\"fr-FR\",\"@id\":\"https:\\\/\\\/hospidex.eu\\\/fr\\\/producten\\\/conteneur-d-aiguilles-1-8l\\\/#primaryimage\",\"url\":\"https:\\\/\\\/hospidex.eu\\\/wp-content\\\/uploads\\\/2024\\\/12\\\/18l-sharpsafe.jpg\",\"contentUrl\":\"https:\\\/\\\/hospidex.eu\\\/wp-content\\\/uploads\\\/2024\\\/12\\\/18l-sharpsafe.jpg\",\"width\":1200,\"height\":1308},{\"@type\":\"BreadcrumbList\",\"@id\":\"https:\\\/\\\/hospidex.eu\\\/fr\\\/producten\\\/conteneur-d-aiguilles-1-8l\\\/#breadcrumb\",\"itemListElement\":[{\"@type\":\"ListItem\",\"position\":1,\"name\":\"Home\",\"item\":\"https:\\\/\\\/hospidex.eu\\\/fr\\\/\"},{\"@type\":\"ListItem\",\"position\":2,\"name\":\"Producten\",\"item\":\"https:\\\/\\\/hospidex.eu\\\/fr\\\/producten\\\/\"},{\"@type\":\"ListItem\",\"position\":3,\"name\":\"Collecteur d&#8217;aiguilles 1.8l\"}]},{\"@type\":\"WebSite\",\"@id\":\"https:\\\/\\\/hospidex.eu\\\/fr\\\/#website\",\"url\":\"https:\\\/\\\/hospidex.eu\\\/fr\\\/\",\"name\":\"Hospidex\",\"description\":\"Transforming care, connecting solutions, focused on you\",\"publisher\":{\"@id\":\"https:\\\/\\\/hospidex.eu\\\/fr\\\/#organization\"},\"potentialAction\":[{\"@type\":\"SearchAction\",\"target\":{\"@type\":\"EntryPoint\",\"urlTemplate\":\"https:\\\/\\\/hospidex.eu\\\/fr\\\/?s={search_term_string}\"},\"query-input\":{\"@type\":\"PropertyValueSpecification\",\"valueRequired\":true,\"valueName\":\"search_term_string\"}}],\"inLanguage\":\"fr-FR\"},{\"@type\":\"Organization\",\"@id\":\"https:\\\/\\\/hospidex.eu\\\/fr\\\/#organization\",\"name\":\"Hospidex\",\"url\":\"https:\\\/\\\/hospidex.eu\\\/fr\\\/\",\"logo\":{\"@type\":\"ImageObject\",\"inLanguage\":\"fr-FR\",\"@id\":\"https:\\\/\\\/hospidex.eu\\\/fr\\\/#\\\/schema\\\/logo\\\/image\\\/\",\"url\":\"https:\\\/\\\/hospidex.eu\\\/wp-content\\\/uploads\\\/2024\\\/09\\\/Logo.svg\",\"contentUrl\":\"https:\\\/\\\/hospidex.eu\\\/wp-content\\\/uploads\\\/2024\\\/09\\\/Logo.svg\",\"width\":169,\"height\":36,\"caption\":\"Hospidex\"},\"image\":{\"@id\":\"https:\\\/\\\/hospidex.eu\\\/fr\\\/#\\\/schema\\\/logo\\\/image\\\/\"}}]}<\/script>\n<!-- \/ Yoast SEO Premium plugin. -->","yoast_head_json":{"title":"Collecteur d'aiguilles 1.8l | Hospidex FR","description":"Sharpsafe conteneur \u00e0 aiguilles 1,8L : Durable, s\u00e9curis\u00e9 et compact pour pr\u00e9venir les accidents dans les \u00e9tablissements de sant\u00e9.","robots":{"index":"index","follow":"follow","max-snippet":"max-snippet:-1","max-image-preview":"max-image-preview:large","max-video-preview":"max-video-preview:-1"},"canonical":"https:\/\/hospidex.eu\/fr\/producten\/conteneur-d-aiguilles-1-8l\/","og_locale":"fr_FR","og_type":"article","og_title":"Collecteur d'aiguilles 1.8l","og_description":"Sharpsafe conteneur \u00e0 aiguilles 1,8L : Durable, s\u00e9curis\u00e9 et compact pour pr\u00e9venir les accidents dans les \u00e9tablissements de sant\u00e9.","og_url":"https:\/\/hospidex.eu\/fr\/producten\/conteneur-d-aiguilles-1-8l\/","og_site_name":"Hospidex FR","article_modified_time":"2025-03-07T13:48:07+00:00","og_image":[{"width":1200,"height":1308,"url":"http:\/\/hospidex.eu\/wp-content\/uploads\/2024\/12\/18l-sharpsafe.jpg","type":"image\/jpeg"}],"twitter_card":"summary_large_image","twitter_misc":{"Dur\u00e9e de lecture estim\u00e9e":"1 minute"},"schema":{"@context":"https:\/\/schema.org","@graph":[{"@type":"WebPage","@id":"https:\/\/hospidex.eu\/fr\/producten\/conteneur-d-aiguilles-1-8l\/","url":"https:\/\/hospidex.eu\/fr\/producten\/conteneur-d-aiguilles-1-8l\/","name":"Collecteur d'aiguilles 1.8l | Hospidex FR","isPartOf":{"@id":"https:\/\/hospidex.eu\/fr\/#website"},"primaryImageOfPage":{"@id":"https:\/\/hospidex.eu\/fr\/producten\/conteneur-d-aiguilles-1-8l\/#primaryimage"},"image":{"@id":"https:\/\/hospidex.eu\/fr\/producten\/conteneur-d-aiguilles-1-8l\/#primaryimage"},"thumbnailUrl":"https:\/\/hospidex.eu\/wp-content\/uploads\/2024\/12\/18l-sharpsafe.jpg","datePublished":"2024-12-01T15:28:15+00:00","dateModified":"2025-03-07T13:48:07+00:00","description":"Sharpsafe conteneur \u00e0 aiguilles 1,8L : Durable, s\u00e9curis\u00e9 et compact pour pr\u00e9venir les accidents dans les \u00e9tablissements de sant\u00e9.","breadcrumb":{"@id":"https:\/\/hospidex.eu\/fr\/producten\/conteneur-d-aiguilles-1-8l\/#breadcrumb"},"inLanguage":"fr-FR","potentialAction":[{"@type":"ReadAction","target":["https:\/\/hospidex.eu\/fr\/producten\/conteneur-d-aiguilles-1-8l\/"]}]},{"@type":"ImageObject","inLanguage":"fr-FR","@id":"https:\/\/hospidex.eu\/fr\/producten\/conteneur-d-aiguilles-1-8l\/#primaryimage","url":"https:\/\/hospidex.eu\/wp-content\/uploads\/2024\/12\/18l-sharpsafe.jpg","contentUrl":"https:\/\/hospidex.eu\/wp-content\/uploads\/2024\/12\/18l-sharpsafe.jpg","width":1200,"height":1308},{"@type":"BreadcrumbList","@id":"https:\/\/hospidex.eu\/fr\/producten\/conteneur-d-aiguilles-1-8l\/#breadcrumb","itemListElement":[{"@type":"ListItem","position":1,"name":"Home","item":"https:\/\/hospidex.eu\/fr\/"},{"@type":"ListItem","position":2,"name":"Producten","item":"https:\/\/hospidex.eu\/fr\/producten\/"},{"@type":"ListItem","position":3,"name":"Collecteur d&#8217;aiguilles 1.8l"}]},{"@type":"WebSite","@id":"https:\/\/hospidex.eu\/fr\/#website","url":"https:\/\/hospidex.eu\/fr\/","name":"Hospidex","description":"Transforming care, connecting solutions, focused on you","publisher":{"@id":"https:\/\/hospidex.eu\/fr\/#organization"},"potentialAction":[{"@type":"SearchAction","target":{"@type":"EntryPoint","urlTemplate":"https:\/\/hospidex.eu\/fr\/?s={search_term_string}"},"query-input":{"@type":"PropertyValueSpecification","valueRequired":true,"valueName":"search_term_string"}}],"inLanguage":"fr-FR"},{"@type":"Organization","@id":"https:\/\/hospidex.eu\/fr\/#organization","name":"Hospidex","url":"https:\/\/hospidex.eu\/fr\/","logo":{"@type":"ImageObject","inLanguage":"fr-FR","@id":"https:\/\/hospidex.eu\/fr\/#\/schema\/logo\/image\/","url":"https:\/\/hospidex.eu\/wp-content\/uploads\/2024\/09\/Logo.svg","contentUrl":"https:\/\/hospidex.eu\/wp-content\/uploads\/2024\/09\/Logo.svg","width":169,"height":36,"caption":"Hospidex"},"image":{"@id":"https:\/\/hospidex.eu\/fr\/#\/schema\/logo\/image\/"}}]}},"_links":{"self":[{"href":"https:\/\/hospidex.eu\/fr\/wp-json\/wp\/v2\/product\/17230937","targetHints":{"allow":["GET"]}}],"collection":[{"href":"https:\/\/hospidex.eu\/fr\/wp-json\/wp\/v2\/product"}],"about":[{"href":"https:\/\/hospidex.eu\/fr\/wp-json\/wp\/v2\/types\/product"}],"wp:featuredmedia":[{"embeddable":true,"href":"https:\/\/hospidex.eu\/fr\/wp-json\/wp\/v2\/media\/17230205"}],"wp:attachment":[{"href":"https:\/\/hospidex.eu\/fr\/wp-json\/wp\/v2\/media?parent=17230937"}],"wp:term":[{"taxonomy":"product_merken","embeddable":true,"href":"https:\/\/hospidex.eu\/fr\/wp-json\/wp\/v2\/product_merken?post=17230937"},{"taxonomy":"product_categories","embeddable":true,"href":"https:\/\/hospidex.eu\/fr\/wp-json\/wp\/v2\/product_categories?post=17230937"},{"taxonomy":"product_featured","embeddable":true,"href":"https:\/\/hospidex.eu\/fr\/wp-json\/wp\/v2\/product_featured?post=17230937"}],"curies":[{"name":"wp","href":"https:\/\/api.w.org\/{rel}","templated":true}]}}